{"id":4303,"date":"2025-07-31T16:20:45","date_gmt":"2025-07-31T14:20:45","guid":{"rendered":"https:\/\/www.michaelablinger.com\/web\/?page_id=4303"},"modified":"2026-04-13T18:15:16","modified_gmt":"2026-04-13T16:15:16","slug":"animation-4","status":"publish","type":"page","link":"http:\/\/www.michaelablinger.com\/web\/","title":{"rendered":"Landingpage"},"content":{"rendered":"\t\t<div data-elementor-type=\"wp-page\" data-elementor-id=\"4303\" class=\"elementor elementor-4303\" data-elementor-post-type=\"page\">\n\t\t\t\t\t\t<section class=\"elementor-section elementor-top-section elementor-element elementor-element-c551ed1 elementor-section-full_width elementor-section-height-default elementor-section-height-default\" data-id=\"c551ed1\" data-element_type=\"section\" data-e-type=\"section\" data-settings=\"{&quot;background_background&quot;:&quot;classic&quot;}\">\n\t\t\t\t\t\t<div class=\"elementor-container elementor-column-gap-default\">\n\t\t\t\t\t<div class=\"elementor-column elementor-col-100 elementor-top-column elementor-element elementor-element-e052ecb\" data-id=\"e052ecb\" data-element_type=\"column\" data-e-type=\"column\">\n\t\t\t<div class=\"elementor-widget-wrap elementor-element-populated\">\n\t\t\t\t\t\t<div class=\"elementor-element elementor-element-8f7658a elementor-fixed elementor-widget__width-initial animated-slow elementor-widget-tablet__width-inherit elementor-invisible elementor-widget elementor-widget-image\" data-id=\"8f7658a\" data-element_type=\"widget\" data-e-type=\"widget\" data-settings=\"{&quot;_position&quot;:&quot;fixed&quot;,&quot;_animation&quot;:&quot;fadeIn&quot;}\" data-widget_type=\"image.default\">\n\t\t\t\t<div class=\"elementor-widget-container\">\n\t\t\t\t\t\t\t\t\t\t\t\t\t\t\t<img fetchpriority=\"high\" decoding=\"async\" width=\"600\" height=\"400\" src=\"http:\/\/www.michaelablinger.com\/web\/wp-content\/uploads\/2026\/04\/ma_Logo_Anim_v2.gif\" class=\"attachment-large size-large wp-image-4842\" alt=\"\" \/>\t\t\t\t\t\t\t\t\t\t\t\t\t\t\t<\/div>\n\t\t\t\t<\/div>\n\t\t\t\t\t<\/div>\n\t\t<\/div>\n\t\t\t\t\t<\/div>\n\t\t<\/section>\n\t\t\t\t<section class=\"elementor-section elementor-top-section elementor-element elementor-element-fb1c839 elementor-section-content-middle elementor-section-boxed elementor-section-height-default elementor-section-height-default\" data-id=\"fb1c839\" data-element_type=\"section\" data-e-type=\"section\" data-settings=\"{&quot;background_background&quot;:&quot;classic&quot;}\">\n\t\t\t\t\t\t<div class=\"elementor-container elementor-column-gap-default\">\n\t\t\t\t\t<div class=\"elementor-column elementor-col-100 elementor-top-column elementor-element elementor-element-b4c881f\" data-id=\"b4c881f\" data-element_type=\"column\" data-e-type=\"column\">\n\t\t\t<div class=\"elementor-widget-wrap elementor-element-populated\">\n\t\t\t\t\t\t<div class=\"elementor-element elementor-element-cf699e2 elementor-widget-mobile__width-initial animated-slow elementor-invisible elementor-widget elementor-widget-image-carousel\" data-id=\"cf699e2\" data-element_type=\"widget\" data-e-type=\"widget\" data-settings=\"{&quot;slides_to_show&quot;:&quot;5&quot;,&quot;navigation&quot;:&quot;none&quot;,&quot;autoplay_speed&quot;:0,&quot;speed&quot;:7500,&quot;_animation&quot;:&quot;fadeIn&quot;,&quot;slides_to_show_tablet&quot;:&quot;3&quot;,&quot;image_spacing_custom_mobile&quot;:{&quot;unit&quot;:&quot;px&quot;,&quot;size&quot;:10,&quot;sizes&quot;:[]},&quot;autoplay&quot;:&quot;yes&quot;,&quot;infinite&quot;:&quot;yes&quot;,&quot;image_spacing_custom&quot;:{&quot;unit&quot;:&quot;px&quot;,&quot;size&quot;:20,&quot;sizes&quot;:[]},&quot;image_spacing_custom_tablet&quot;:{&quot;unit&quot;:&quot;px&quot;,&quot;size&quot;:&quot;&quot;,&quot;sizes&quot;:[]}}\" data-widget_type=\"image-carousel.default\">\n\t\t\t\t<div class=\"elementor-widget-container\">\n\t\t\t\t\t\t\t<div class=\"elementor-image-carousel-wrapper swiper\" role=\"region\" aria-roledescription=\"carousel\" aria-label=\"Bild Karussell\" dir=\"ltr\">\n\t\t\t<div class=\"elementor-image-carousel swiper-wrapper\" aria-live=\"off\">\n\t\t\t\t\t\t\t\t<div class=\"swiper-slide\" role=\"group\" aria-roledescription=\"slide\" aria-label=\"1 von 7\"><figure class=\"swiper-slide-inner\"><img decoding=\"async\" class=\"swiper-slide-image\" src=\"http:\/\/www.michaelablinger.com\/web\/wp-content\/uploads\/2025\/08\/Alps_Wind_Turbine.gif\" alt=\"Alps_Wind_Turbine\" \/><figcaption class=\"elementor-image-carousel-caption\"><h3 style=\"color:#ffffff\">Generative AI<\/h3>\nPrompt:<\/br>\nzum Ergebnis.<\/figcaption><\/figure><\/div><div class=\"swiper-slide\" role=\"group\" aria-roledescription=\"slide\" aria-label=\"2 von 7\"><figure class=\"swiper-slide-inner\"><img decoding=\"async\" class=\"swiper-slide-image\" src=\"http:\/\/www.michaelablinger.com\/web\/wp-content\/uploads\/2025\/08\/Explainer_v2.gif\" alt=\"Explainer_v2\" \/><figcaption class=\"elementor-image-carousel-caption\"><h3 style=\"color:#ffffff\">Erkl\u00e4rvideos<\/h3>\n<p>Konzeption,<\/br>\nStoryboard,<\/br>\nAnimation<\/p><\/figcaption><\/figure><\/div><div class=\"swiper-slide\" role=\"group\" aria-roledescription=\"slide\" aria-label=\"3 von 7\"><figure class=\"swiper-slide-inner\"><img decoding=\"async\" class=\"swiper-slide-image\" src=\"http:\/\/www.michaelablinger.com\/web\/wp-content\/uploads\/2026\/04\/ORF_kids.gif\" alt=\"ORF_kids\" \/><figcaption class=\"elementor-image-carousel-caption\"><h3 style=\"color:#ffffff\">Erkl\u00e4rvideos<\/h3>\n<p>F\u00fcr die Kids<\/br>\nvor der Glotze.<\/p><\/figcaption><\/figure><\/div><div class=\"swiper-slide\" role=\"group\" aria-roledescription=\"slide\" aria-label=\"4 von 7\"><figure class=\"swiper-slide-inner\"><img decoding=\"async\" class=\"swiper-slide-image\" src=\"http:\/\/www.michaelablinger.com\/web\/wp-content\/uploads\/2025\/06\/Default_Grey.gif\" alt=\"Lip Sync\" \/><figcaption class=\"elementor-image-carousel-caption\"><h3 style=\"color:#000000\">2D Animation<\/h3>\n<p style=\"color:#000000\">Lip Syncing &amp;<\/br>\nExpressions<\/p><\/figcaption><\/figure><\/div><div class=\"swiper-slide\" role=\"group\" aria-roledescription=\"slide\" aria-label=\"5 von 7\"><figure class=\"swiper-slide-inner\"><img decoding=\"async\" class=\"swiper-slide-image\" src=\"http:\/\/www.michaelablinger.com\/web\/wp-content\/uploads\/2025\/07\/Red_Panda_portrait.gif\" alt=\"Red Panda\" \/><figcaption class=\"elementor-image-carousel-caption\"><h3 style=\"color:#ffffff\">2D Animation<\/h3>\nLupenreine<\/br>\nloopbare<\/br>\n\u00dcberg\u00e4nge.<\/figcaption><\/figure><\/div><div class=\"swiper-slide\" role=\"group\" aria-roledescription=\"slide\" aria-label=\"6 von 7\"><figure class=\"swiper-slide-inner\"><img decoding=\"async\" class=\"swiper-slide-image\" src=\"http:\/\/www.michaelablinger.com\/web\/wp-content\/uploads\/2026\/04\/ORF_zib.gif\" alt=\"ORF_zib\" \/><figcaption class=\"elementor-image-carousel-caption\"><h3 style=\"color:#ffffff\">ORF Infografik<\/h3>\n<p>Informationen <\/br>visualisiert<\/p><\/figcaption><\/figure><\/div><div class=\"swiper-slide\" role=\"group\" aria-roledescription=\"slide\" aria-label=\"7 von 7\"><figure class=\"swiper-slide-inner\"><img decoding=\"async\" class=\"swiper-slide-image\" src=\"http:\/\/www.michaelablinger.com\/web\/wp-content\/uploads\/2025\/08\/alacarte.gif\" alt=\"alacarte\" \/><figcaption class=\"elementor-image-carousel-caption\"><h3 style=\"color:#000000\">Stop Motion<\/h3>\n<p style=\"color:#000000\">\nFotografie,<\/br>\nAnimation<\/br>\nund Technik<\/p><\/figcaption><\/figure><\/div>\t\t\t<\/div>\n\t\t\t\t\t\t\t\n\t\t\t\t\t\t\t\t\t<\/div>\n\t\t\t\t\t\t<\/div>\n\t\t\t\t<\/div>\n\t\t\t\t\t<\/div>\n\t\t<\/div>\n\t\t\t\t\t<\/div>\n\t\t<\/section>\n\t\t\t\t<section class=\"elementor-section elementor-top-section elementor-element elementor-element-07c7bc7 elementor-section-full_width elementor-section-height-default elementor-section-height-default\" data-id=\"07c7bc7\" data-element_type=\"section\" data-e-type=\"section\">\n\t\t\t\t\t\t<div class=\"elementor-container elementor-column-gap-custom\">\n\t\t\t\t\t<div class=\"elementor-column elementor-col-50 elementor-top-column elementor-element elementor-element-21f1fde animated-slow elementor-invisible\" data-id=\"21f1fde\" data-element_type=\"column\" data-e-type=\"column\" data-settings=\"{&quot;animation&quot;:&quot;fadeIn&quot;}\">\n\t\t\t<div class=\"elementor-widget-wrap elementor-element-populated\">\n\t\t\t\t\t\t<div class=\"elementor-element elementor-element-789e8f0 elementor-widget elementor-widget-image\" data-id=\"789e8f0\" data-element_type=\"widget\" data-e-type=\"widget\" data-settings=\"{&quot;_animation_mobile&quot;:&quot;fadeIn&quot;}\" data-widget_type=\"image.default\">\n\t\t\t\t<div class=\"elementor-widget-container\">\n\t\t\t\t\t\t\t\t\t\t\t\t\t\t\t<img decoding=\"async\" width=\"1024\" height=\"213\" src=\"http:\/\/www.michaelablinger.com\/web\/wp-content\/uploads\/2026\/04\/kurse_Ae-2-1024x213.jpg\" class=\"attachment-large size-large wp-image-4974\" alt=\"\" srcset=\"http:\/\/www.michaelablinger.com\/web\/wp-content\/uploads\/2026\/04\/kurse_Ae-2-1024x213.jpg 1024w, http:\/\/www.michaelablinger.com\/web\/wp-content\/uploads\/2026\/04\/kurse_Ae-2-300x63.jpg 300w, http:\/\/www.michaelablinger.com\/web\/wp-content\/uploads\/2026\/04\/kurse_Ae-2-768x160.jpg 768w, http:\/\/www.michaelablinger.com\/web\/wp-content\/uploads\/2026\/04\/kurse_Ae-2-1536x320.jpg 1536w, http:\/\/www.michaelablinger.com\/web\/wp-content\/uploads\/2026\/04\/kurse_Ae-2.jpg 1920w\" sizes=\"(max-width: 1024px) 100vw, 1024px\" \/>\t\t\t\t\t\t\t\t\t\t\t\t\t\t\t<\/div>\n\t\t\t\t<\/div>\n\t\t\t\t<div class=\"elementor-element elementor-element-ac1a980 elementor-absolute elementor-widget elementor-widget-heading\" data-id=\"ac1a980\" data-element_type=\"widget\" data-e-type=\"widget\" data-settings=\"{&quot;_position&quot;:&quot;absolute&quot;}\" data-widget_type=\"heading.default\">\n\t\t\t\t<div class=\"elementor-widget-container\">\n\t\t\t\t\t<h2 class=\"elementor-heading-title elementor-size-default\">Kurse f\u00fcr Anf\u00e4nger:innen und Fortgeschrittene<\/h2>\t\t\t\t<\/div>\n\t\t\t\t<\/div>\n\t\t\t\t<div class=\"elementor-element elementor-element-fa15332 elementor-absolute elementor-widget elementor-widget-text-editor\" data-id=\"fa15332\" data-element_type=\"widget\" data-e-type=\"widget\" data-settings=\"{&quot;_position&quot;:&quot;absolute&quot;}\" data-widget_type=\"text-editor.default\">\n\t\t\t\t<div class=\"elementor-widget-container\">\n\t\t\t\t\t\t\t\t\t<p>Animation, Filmschnitt <br \/>und Post-Production<\/p>\t\t\t\t\t\t\t\t<\/div>\n\t\t\t\t<\/div>\n\t\t\t\t\t<\/div>\n\t\t<\/div>\n\t\t\t\t<div class=\"elementor-column elementor-col-50 elementor-top-column elementor-element elementor-element-8c7cfc0 animated-slow elementor-invisible\" data-id=\"8c7cfc0\" data-element_type=\"column\" data-e-type=\"column\" data-settings=\"{&quot;animation&quot;:&quot;fadeIn&quot;}\">\n\t\t\t<div class=\"elementor-widget-wrap elementor-element-populated\">\n\t\t\t\t\t\t<div class=\"elementor-element elementor-element-69463d7 elementor-widget elementor-widget-image\" data-id=\"69463d7\" data-element_type=\"widget\" data-e-type=\"widget\" data-settings=\"{&quot;_animation_mobile&quot;:&quot;fadeIn&quot;}\" data-widget_type=\"image.default\">\n\t\t\t\t<div class=\"elementor-widget-container\">\n\t\t\t\t\t\t\t\t\t\t\t\t\t\t\t<img decoding=\"async\" width=\"1024\" height=\"213\" src=\"http:\/\/www.michaelablinger.com\/web\/wp-content\/uploads\/2026\/04\/kurse_Ps-1024x213.jpg\" class=\"attachment-large size-large wp-image-5120\" alt=\"\" srcset=\"http:\/\/www.michaelablinger.com\/web\/wp-content\/uploads\/2026\/04\/kurse_Ps-1024x213.jpg 1024w, http:\/\/www.michaelablinger.com\/web\/wp-content\/uploads\/2026\/04\/kurse_Ps-300x63.jpg 300w, http:\/\/www.michaelablinger.com\/web\/wp-content\/uploads\/2026\/04\/kurse_Ps-768x160.jpg 768w, http:\/\/www.michaelablinger.com\/web\/wp-content\/uploads\/2026\/04\/kurse_Ps-1536x320.jpg 1536w, http:\/\/www.michaelablinger.com\/web\/wp-content\/uploads\/2026\/04\/kurse_Ps.jpg 1920w\" sizes=\"(max-width: 1024px) 100vw, 1024px\" \/>\t\t\t\t\t\t\t\t\t\t\t\t\t\t\t<\/div>\n\t\t\t\t<\/div>\n\t\t\t\t<div class=\"elementor-element elementor-element-d653267 elementor-absolute elementor-widget elementor-widget-heading\" data-id=\"d653267\" data-element_type=\"widget\" data-e-type=\"widget\" data-settings=\"{&quot;_position&quot;:&quot;absolute&quot;}\" data-widget_type=\"heading.default\">\n\t\t\t\t<div class=\"elementor-widget-container\">\n\t\t\t\t\t<h2 class=\"elementor-heading-title elementor-size-default\">Kurse f\u00fcr Anf\u00e4nger:innen und Fortgeschrittene<\/h2>\t\t\t\t<\/div>\n\t\t\t\t<\/div>\n\t\t\t\t<div class=\"elementor-element elementor-element-d9333b7 elementor-absolute elementor-widget elementor-widget-text-editor\" data-id=\"d9333b7\" data-element_type=\"widget\" data-e-type=\"widget\" data-settings=\"{&quot;_position&quot;:&quot;absolute&quot;}\" data-widget_type=\"text-editor.default\">\n\t\t\t\t<div class=\"elementor-widget-container\">\n\t\t\t\t\t\t\t\t\t<p>KI, Bildbearbeitung und<br \/>vektorbasiertes Arbeiten<\/p>\t\t\t\t\t\t\t\t<\/div>\n\t\t\t\t<\/div>\n\t\t\t\t\t<\/div>\n\t\t<\/div>\n\t\t\t\t\t<\/div>\n\t\t<\/section>\n\t\t\t\t<section class=\"elementor-section elementor-top-section elementor-element elementor-element-97121e5 elementor-section-full_width elementor-section-height-default elementor-section-height-default\" data-id=\"97121e5\" data-element_type=\"section\" data-e-type=\"section\" data-settings=\"{&quot;background_background&quot;:&quot;classic&quot;}\">\n\t\t\t\t\t\t<div class=\"elementor-container elementor-column-gap-no\">\n\t\t\t\t\t<div class=\"elementor-column elementor-col-100 elementor-top-column elementor-element elementor-element-8773eb7\" data-id=\"8773eb7\" data-element_type=\"column\" data-e-type=\"column\">\n\t\t\t<div class=\"elementor-widget-wrap elementor-element-populated\">\n\t\t\t\t\t\t<div class=\"elementor-element elementor-element-a8a5586 elementor-widget__width-inherit e-transform elementor-fixed elementor-invisible elementor-widget elementor-widget-text-editor\" data-id=\"a8a5586\" data-element_type=\"widget\" data-e-type=\"widget\" data-settings=\"{&quot;_animation&quot;:&quot;fadeIn&quot;,&quot;_transform_translateY_effect&quot;:{&quot;unit&quot;:&quot;px&quot;,&quot;size&quot;:10,&quot;sizes&quot;:[]},&quot;_position&quot;:&quot;fixed&quot;,&quot;_transform_translateX_effect&quot;:{&quot;unit&quot;:&quot;px&quot;,&quot;size&quot;:&quot;&quot;,&quot;sizes&quot;:[]},&quot;_transform_translateX_effect_tablet&quot;:{&quot;unit&quot;:&quot;px&quot;,&quot;size&quot;:&quot;&quot;,&quot;sizes&quot;:[]},&quot;_transform_translateX_effect_mobile&quot;:{&quot;unit&quot;:&quot;px&quot;,&quot;size&quot;:&quot;&quot;,&quot;sizes&quot;:[]},&quot;_transform_translateY_effect_tablet&quot;:{&quot;unit&quot;:&quot;px&quot;,&quot;size&quot;:&quot;&quot;,&quot;sizes&quot;:[]},&quot;_transform_translateY_effect_mobile&quot;:{&quot;unit&quot;:&quot;px&quot;,&quot;size&quot;:&quot;&quot;,&quot;sizes&quot;:[]}}\" data-widget_type=\"text-editor.default\">\n\t\t\t\t<div class=\"elementor-widget-container\">\n\t\t\t\t\t\t\t\t\t<p>\u00a9 2025 Michael Ablinger MA<\/p>\t\t\t\t\t\t\t\t<\/div>\n\t\t\t\t<\/div>\n\t\t\t\t\t<\/div>\n\t\t<\/div>\n\t\t\t\t\t<\/div>\n\t\t<\/section>\n\t\t\t\t<\/div>\n\t\t","protected":false},"excerpt":{"rendered":"<p>Generative AI Prompt: zum Ergebnis. Erkl\u00e4rvideos Konzeption, Storyboard, Animation Erkl\u00e4rvideos F\u00fcr die Kids vor der Glotze. 2D Animation Lip Syncing &amp; Expressions 2D Animation Lupenreine loopbare \u00dcberg\u00e4nge. ORF Infografik Informationen visualisiert Stop Motion Fotografie, Animation und Technik Kurse f\u00fcr Anf\u00e4nger:innen und Fortgeschrittene Animation, Filmschnitt und Post-Production Kurse f\u00fcr Anf\u00e4nger:innen und Fortgeschrittene KI, Bildbearbeitung undvektorbasiertes Arbeiten [&hellip;]<\/p>\n","protected":false},"author":1,"featured_media":4411,"parent":0,"menu_order":0,"comment_status":"closed","ping_status":"closed","template":"","meta":{"footnotes":""},"class_list":["post-4303","page","type-page","status-publish","has-post-thumbnail","hentry","entry","has-media"],"_links":{"self":[{"href":"http:\/\/www.michaelablinger.com\/web\/index.php?rest_route=\/wp\/v2\/pages\/4303","targetHints":{"allow":["GET"]}}],"collection":[{"href":"http:\/\/www.michaelablinger.com\/web\/index.php?rest_route=\/wp\/v2\/pages"}],"about":[{"href":"http:\/\/www.michaelablinger.com\/web\/index.php?rest_route=\/wp\/v2\/types\/page"}],"author":[{"embeddable":true,"href":"http:\/\/www.michaelablinger.com\/web\/index.php?rest_route=\/wp\/v2\/users\/1"}],"replies":[{"embeddable":true,"href":"http:\/\/www.michaelablinger.com\/web\/index.php?rest_route=%2Fwp%2Fv2%2Fcomments&post=4303"}],"version-history":[{"count":822,"href":"http:\/\/www.michaelablinger.com\/web\/index.php?rest_route=\/wp\/v2\/pages\/4303\/revisions"}],"predecessor-version":[{"id":5187,"href":"http:\/\/www.michaelablinger.com\/web\/index.php?rest_route=\/wp\/v2\/pages\/4303\/revisions\/5187"}],"wp:featuredmedia":[{"embeddable":true,"href":"http:\/\/www.michaelablinger.com\/web\/index.php?rest_route=\/wp\/v2\/media\/4411"}],"wp:attachment":[{"href":"http:\/\/www.michaelablinger.com\/web\/index.php?rest_route=%2Fwp%2Fv2%2Fmedia&parent=4303"}],"curies":[{"name":"wp","href":"https:\/\/api.w.org\/{rel}","templated":true}]}}